{"id":2603,"date":"2022-10-31T11:04:41","date_gmt":"2022-10-31T11:04:41","guid":{"rendered":"https:\/\/restaurantemardeplatasarria.com\/contacto\/"},"modified":"2024-06-19T12:41:37","modified_gmt":"2024-06-19T12:41:37","slug":"contacto","status":"publish","type":"page","link":"https:\/\/restaurantemardeplatasarria.com\/gl\/contacto\/","title":{"rendered":"Contacto"},"content":{"rendered":"\t\t<div data-elementor-type=\"wp-page\" data-elementor-id=\"2603\" class=\"elementor elementor-2603 elementor-309\">\n\t\t\t\t\t\t<section class=\"elementor-section elementor-top-section elementor-element elementor-element-84d8dde elementor-section-boxed elementor-section-height-default elementor-section-height-default\" data-id=\"84d8dde\" data-element_type=\"section\" data-e-type=\"section\">\n\t\t\t\t\t\t<div class=\"elementor-container elementor-column-gap-default\">\n\t\t\t\t\t<div class=\"elementor-column elementor-col-33 elementor-top-column elementor-element elementor-element-63d31b6\" data-id=\"63d31b6\" data-element_type=\"column\" data-e-type=\"column\">\n\t\t\t<div class=\"elementor-widget-wrap elementor-element-populated\">\n\t\t\t\t\t\t<div class=\"elementor-element elementor-element-7cb8f212 pcolori-bkg lefticon elementor-view-default elementor-position-block-start elementor-mobile-position-block-start elementor-widget elementor-widget-icon-box\" data-id=\"7cb8f212\" data-element_type=\"widget\" data-e-type=\"widget\" data-widget_type=\"icon-box.default\">\n\t\t\t\t<div class=\"elementor-widget-container\">\n\t\t\t\t\t\t\t<div class=\"elementor-icon-box-wrapper\">\n\n\t\t\t\t\t\t<div class=\"elementor-icon-box-icon\">\n\t\t\t\t<span  class=\"elementor-icon\">\n\t\t\t\t<svg aria-hidden=\"true\" class=\"e-font-icon-svg e-fas-map-marker-alt\" viewBox=\"0 0 384 512\" xmlns=\"http:\/\/www.w3.org\/2000\/svg\"><path d=\"M172.268 501.67C26.97 291.031 0 269.413 0 192 0 85.961 85.961 0 192 0s192 85.961 192 192c0 77.413-26.97 99.031-172.268 309.67-9.535 13.774-29.93 13.773-39.464 0zM192 272c44.183 0 80-35.817 80-80s-35.817-80-80-80-80 35.817-80 80 35.817 80 80 80z\"><\/path><\/svg>\t\t\t\t<\/span>\n\t\t\t<\/div>\n\t\t\t\n\t\t\t\t\t\t<div class=\"elementor-icon-box-content\">\n\n\t\t\t\t\n\t\t\t\t\t\t\t\t\t<p class=\"elementor-icon-box-description\">\n\t\t\t\t\t\tR\u00faa Formigueiros, 5, 27600 Sarria, Lugo  <br>\n<a class=\"read-more-v2\" href=\"https:\/\/maps.app.goo.gl\/i9WW4w7C8YtbddYy9\">Como chegar<\/a>\t\t\t\t\t<\/p>\n\t\t\t\t\n\t\t\t<\/div>\n\t\t\t\n\t\t<\/div>\n\t\t\t\t\t\t<\/div>\n\t\t\t\t<\/div>\n\t\t\t\t\t<\/div>\n\t\t<\/div>\n\t\t\t\t<div class=\"elementor-column elementor-col-33 elementor-top-column elementor-element elementor-element-63402d3\" data-id=\"63402d3\" data-element_type=\"column\" data-e-type=\"column\">\n\t\t\t<div class=\"elementor-widget-wrap elementor-element-populated\">\n\t\t\t\t\t\t<div class=\"elementor-element elementor-element-7ece5008 pcolori-bkg lefticon elementor-view-default elementor-position-block-start elementor-mobile-position-block-start elementor-widget elementor-widget-icon-box\" data-id=\"7ece5008\" data-element_type=\"widget\" data-e-type=\"widget\" data-widget_type=\"icon-box.default\">\n\t\t\t\t<div class=\"elementor-widget-container\">\n\t\t\t\t\t\t\t<div class=\"elementor-icon-box-wrapper\">\n\n\t\t\t\t\t\t<div class=\"elementor-icon-box-icon\">\n\t\t\t\t<a href=\"tel:+34982530724\" class=\"elementor-icon\" tabindex=\"-1\">\n\t\t\t\t<svg aria-hidden=\"true\" class=\"e-font-icon-svg e-fas-mobile-alt\" viewBox=\"0 0 320 512\" xmlns=\"http:\/\/www.w3.org\/2000\/svg\"><path d=\"M272 0H48C21.5 0 0 21.5 0 48v416c0 26.5 21.5 48 48 48h224c26.5 0 48-21.5 48-48V48c0-26.5-21.5-48-48-48zM160 480c-17.7 0-32-14.3-32-32s14.3-32 32-32 32 14.3 32 32-14.3 32-32 32zm112-108c0 6.6-5.4 12-12 12H60c-6.6 0-12-5.4-12-12V60c0-6.6 5.4-12 12-12h200c6.6 0 12 5.4 12 12v312z\"><\/path><\/svg>\t\t\t\t<\/a>\n\t\t\t<\/div>\n\t\t\t\n\t\t\t\t\t\t<div class=\"elementor-icon-box-content\">\n\n\t\t\t\t\n\t\t\t\t\t\t\t\t\t<p class=\"elementor-icon-box-description\">\n\t\t\t\t\t\t982 530 724 \n\t\t\t\t\t<\/p>\n\t\t\t\t\n\t\t\t<\/div>\n\t\t\t\n\t\t<\/div>\n\t\t\t\t\t\t<\/div>\n\t\t\t\t<\/div>\n\t\t\t\t\t<\/div>\n\t\t<\/div>\n\t\t\t\t<div class=\"elementor-column elementor-col-33 elementor-top-column elementor-element elementor-element-b43734d\" data-id=\"b43734d\" data-element_type=\"column\" data-e-type=\"column\">\n\t\t\t<div class=\"elementor-widget-wrap elementor-element-populated\">\n\t\t\t\t\t\t<div class=\"elementor-element elementor-element-44d1c45c pcolori-bkg lefticon elementor-view-default elementor-position-block-start elementor-mobile-position-block-start elementor-widget elementor-widget-icon-box\" data-id=\"44d1c45c\" data-element_type=\"widget\" data-e-type=\"widget\" data-widget_type=\"icon-box.default\">\n\t\t\t\t<div class=\"elementor-widget-container\">\n\t\t\t\t\t\t\t<div class=\"elementor-icon-box-wrapper\">\n\n\t\t\t\t\t\t<div class=\"elementor-icon-box-icon\">\n\t\t\t\t<a href=\"mailto:info@restaurantemardeplatasarria.com\" class=\"elementor-icon\" tabindex=\"-1\">\n\t\t\t\t<svg aria-hidden=\"true\" class=\"e-font-icon-svg e-fas-mail-bulk\" viewBox=\"0 0 576 512\" xmlns=\"http:\/\/www.w3.org\/2000\/svg\"><path d=\"M160 448c-25.6 0-51.2-22.4-64-32-64-44.8-83.2-60.8-96-70.4V480c0 17.67 14.33 32 32 32h256c17.67 0 32-14.33 32-32V345.6c-12.8 9.6-32 25.6-96 70.4-12.8 9.6-38.4 32-64 32zm128-192H32c-17.67 0-32 14.33-32 32v16c25.6 19.2 22.4 19.2 115.2 86.4 9.6 6.4 28.8 25.6 44.8 25.6s35.2-19.2 44.8-22.4c92.8-67.2 89.6-67.2 115.2-86.4V288c0-17.67-14.33-32-32-32zm256-96H224c-17.67 0-32 14.33-32 32v32h96c33.21 0 60.59 25.42 63.71 57.82l.29-.22V416h192c17.67 0 32-14.33 32-32V192c0-17.67-14.33-32-32-32zm-32 128h-64v-64h64v64zm-352-96c0-35.29 28.71-64 64-64h224V32c0-17.67-14.33-32-32-32H96C78.33 0 64 14.33 64 32v192h96v-32z\"><\/path><\/svg>\t\t\t\t<\/a>\n\t\t\t<\/div>\n\t\t\t\n\t\t\t\t\t\t<div class=\"elementor-icon-box-content\">\n\n\t\t\t\t\n\t\t\t\t\t\t\t\t\t<p class=\"elementor-icon-box-description\">\n\t\t\t\t\t\tinfo@restaurantemardeplatasarria.com\t\t\t\t\t<\/p>\n\t\t\t\t\n\t\t\t<\/div>\n\t\t\t\n\t\t<\/div>\n\t\t\t\t\t\t<\/div>\n\t\t\t\t<\/div>\n\t\t\t\t\t<\/div>\n\t\t<\/div>\n\t\t\t\t\t<\/div>\n\t\t<\/section>\n\t\t\t\t<section class=\"elementor-section elementor-top-section elementor-element elementor-element-368b70b6 elementor-section-boxed elementor-section-height-default elementor-section-height-default\" data-id=\"368b70b6\" data-element_type=\"section\" data-e-type=\"section\">\n\t\t\t\t\t\t<div class=\"elementor-container elementor-column-gap-default\">\n\t\t\t\t\t<div class=\"elementor-column elementor-col-50 elementor-top-column elementor-element elementor-element-26b05575\" data-id=\"26b05575\" data-element_type=\"column\" data-e-type=\"column\">\n\t\t\t<div class=\"elementor-widget-wrap elementor-element-populated\">\n\t\t\t\t\t\t<div class=\"elementor-element elementor-element-65a78f9 el-smalltitle pcolor elementor-widget elementor-widget-heading\" data-id=\"65a78f9\" data-element_type=\"widget\" data-e-type=\"widget\" data-widget_type=\"heading.default\">\n\t\t\t\t<div class=\"elementor-widget-container\">\n\t\t\t\t\t<h6 class=\"elementor-heading-title elementor-size-default\">Escoit\u00e1moste<\/h6>\t\t\t\t<\/div>\n\t\t\t\t<\/div>\n\t\t\t\t<div class=\"elementor-element elementor-element-ba2f6bb elementor-widget elementor-widget-heading\" data-id=\"ba2f6bb\" data-element_type=\"widget\" data-e-type=\"widget\" data-widget_type=\"heading.default\">\n\t\t\t\t<div class=\"elementor-widget-container\">\n\t\t\t\t\t<h2 class=\"elementor-heading-title elementor-size-default\">Contacto<\/h2>\t\t\t\t<\/div>\n\t\t\t\t<\/div>\n\t\t\t\t<div class=\"elementor-element elementor-element-45efc11 elementor-widget elementor-widget-text-editor\" data-id=\"45efc11\" data-element_type=\"widget\" data-e-type=\"widget\" data-widget_type=\"text-editor.default\">\n\t\t\t\t<div class=\"elementor-widget-container\">\n\t\t\t\t\t\t\t\t\t<p>Estamos aqu\u00ed para ti. Ponte en contacto con Mar de Plata e descubre como facemos que cada detalle conte na t\u00faa experiencia.<\/p>\n<p>Agardamos a t\u00faa mensaxe!<\/p>\n\t\t\t\t\t\t\t\t<\/div>\n\t\t\t\t<\/div>\n\t\t\t\t\t<\/div>\n\t\t<\/div>\n\t\t\t\t<div class=\"elementor-column elementor-col-50 elementor-top-column elementor-element elementor-element-425b6c57\" data-id=\"425b6c57\" data-element_type=\"column\" data-e-type=\"column\">\n\t\t\t<div class=\"elementor-widget-wrap elementor-element-populated\">\n\t\t\t\t\t\t<div class=\"elementor-element elementor-element-5cf6d65d elementor-widget elementor-widget-shortcode\" data-id=\"5cf6d65d\" data-element_type=\"widget\" data-e-type=\"widget\" data-widget_type=\"shortcode.default\">\n\t\t\t\t<div class=\"elementor-widget-container\">\n\t\t\t\t\t\t\t<div class=\"elementor-shortcode\">\n<div class=\"wpcf7 no-js\" id=\"wpcf7-f2595-o1\" lang=\"gl-ES\" dir=\"ltr\" data-wpcf7-id=\"2595\">\n<div class=\"screen-reader-response\"><p role=\"status\" aria-live=\"polite\" aria-atomic=\"true\"><\/p> <ul><\/ul><\/div>\n<form action=\"\/gl\/wp-json\/wp\/v2\/pages\/2603#wpcf7-f2595-o1\" method=\"post\" class=\"wpcf7-form init\" aria-label=\"Formulario de contacto\" novalidate=\"novalidate\" data-status=\"init\">\n<fieldset class=\"hidden-fields-container\"><input type=\"hidden\" name=\"_wpcf7\" value=\"2595\" \/><input type=\"hidden\" name=\"_wpcf7_version\" value=\"6.1.5\" \/><input type=\"hidden\" name=\"_wpcf7_locale\" value=\"gl_ES\" \/><input type=\"hidden\" name=\"_wpcf7_unit_tag\" value=\"wpcf7-f2595-o1\" \/><input type=\"hidden\" name=\"_wpcf7_container_post\" value=\"0\" \/><input type=\"hidden\" name=\"_wpcf7_posted_data_hash\" value=\"\" \/><input type=\"hidden\" name=\"_wpcf7_recaptcha_response\" value=\"\" \/>\n<\/fieldset>\n<p><label> O teu nome<br \/>\n<span class=\"wpcf7-form-control-wrap\" data-name=\"su-nombre\"><input size=\"40\" maxlength=\"400\" class=\"wpcf7-form-control wpcf7-text wpcf7-validates-as-required\" autocomplete=\"nombre\" aria-required=\"true\" aria-invalid=\"false\" value=\"\" type=\"text\" name=\"su-nombre\" \/><\/span> <\/label>\n<\/p>\n<p><label> Correo electr\u00f3nico<br \/>\n<span class=\"wpcf7-form-control-wrap\" data-name=\"email\"><input size=\"40\" maxlength=\"400\" class=\"wpcf7-form-control wpcf7-email wpcf7-validates-as-required wpcf7-text wpcf7-validates-as-email\" autocomplete=\"email\" aria-required=\"true\" aria-invalid=\"false\" value=\"\" type=\"email\" name=\"email\" \/><\/span> <\/label>\n<\/p>\n<p><label> Asunto<br \/>\n<span class=\"wpcf7-form-control-wrap\" data-name=\"asunto\"><input size=\"40\" maxlength=\"400\" class=\"wpcf7-form-control wpcf7-text wpcf7-validates-as-required\" aria-required=\"true\" aria-invalid=\"false\" value=\"\" type=\"text\" name=\"asunto\" \/><\/span> <\/label>\n<\/p>\n<p><label> A t\u00faa mensaxe (opcional)<br \/>\n<span class=\"wpcf7-form-control-wrap\" data-name=\"su-mensaje\"><textarea cols=\"40\" rows=\"10\" maxlength=\"2000\" class=\"wpcf7-form-control wpcf7-textarea\" aria-invalid=\"false\" name=\"su-mensaje\"><\/textarea><\/span> <\/label>\n<\/p>\n<p><input class=\"wpcf7-form-control wpcf7-submit has-spinner\" type=\"submit\" value=\"Enviar\" \/><br \/>\n<span class=\"wpcf7-form-control-wrap\" data-name=\"Privacidad\"><span class=\"wpcf7-form-control wpcf7-acceptance\"><span class=\"wpcf7-list-item\"><label><input type=\"checkbox\" name=\"Privacidad\" value=\"1\" aria-invalid=\"false\" \/><span class=\"wpcf7-list-item-label\">Lin e acepto<a rel=\"nofollow\" href=\"https:\/\/restaurantemardeplatasarria.com\/privacy-policy\/\"> Pol\u00edtica de Privacidade<a><\/a> .<\/span><\/label><\/span><\/span><\/span>\n<\/p><div class=\"wpcf7-response-output\" aria-hidden=\"true\"><\/div>\n<\/form>\n<\/div>\n<\/div>\n\t\t\t\t\t\t<\/div>\n\t\t\t\t<\/div>\n\t\t\t\t\t<\/div>\n\t\t<\/div>\n\t\t\t\t\t<\/div>\n\t\t<\/section>\n\t\t<div class=\"elementor-element elementor-element-5b0477b e-flex e-con-boxed e-con e-parent\" data-id=\"5b0477b\" data-element_type=\"container\" data-e-type=\"container\" data-settings=\"{&quot;background_background&quot;:&quot;classic&quot;}\">\n\t\t\t\t\t<div class=\"e-con-inner\">\n\t\t<div class=\"elementor-element elementor-element-1095b96 e-con-full e-flex e-con e-child\" data-id=\"1095b96\" data-element_type=\"container\" data-e-type=\"container\">\n\t\t\t\t<div class=\"elementor-element elementor-element-a191bba elementor-widget elementor-widget-html\" data-id=\"a191bba\" data-element_type=\"widget\" data-e-type=\"widget\" data-widget_type=\"html.default\">\n\t\t\t\t<div class=\"elementor-widget-container\">\n\t\t\t\t\t<iframe src=\"https:\/\/www.google.com\/maps\/embed?pb=!1m14!1m8!1m3!1d2928.243932230032!2d-7.4189384!3d42.7831928!3m2!1i1024!2i768!4f13.1!3m3!1m2!1s0xd30480b4a6c598d%3A0x785e33a25e3e583c!2sRestaurante%20Mar%20de%20Plata!5e0!3m2!1ses!2ses!4v1709902529035!5m2!1ses!2ses\" width=\"600\" height=\"450\" style=\"border:0;\" allowfullscreen=\"\" loading=\"lazy\" referrerpolicy=\"no-referrer-when-downgrade\"><\/iframe>\t\t\t\t<\/div>\n\t\t\t\t<\/div>\n\t\t\t\t<\/div>\n\t\t\t\t\t<\/div>\n\t\t\t\t<\/div>\n\t\t\t\t<\/div>\n\t\t","protected":false},"excerpt":{"rendered":"<p>R\u00faa Formigueiros, 5, 27600 Sarria, Lugo Como chegar 982 530 724 info@restaurantemardeplatasarria.com Escoit\u00e1moste Contacto Estamos aqu\u00ed para ti. Ponte en contacto con Mar de Plata e descubre como facemos que cada detalle conte na t\u00faa experiencia. Agardamos a t\u00faa mensaxe!<\/p>\n","protected":false},"author":1,"featured_media":2539,"parent":0,"menu_order":0,"comment_status":"closed","ping_status":"closed","template":"templates\/template-fullscreen.php","meta":{"footnotes":""},"class_list":["post-2603","page","type-page","status-publish","has-post-thumbnail","hentry"],"acf":[],"yoast_head":"<!-- This site is optimized with the Yoast SEO plugin v26.9 - https:\/\/yoast.com\/product\/yoast-seo-wordpress\/ -->\n<title>Contacto - Restaurante Mar de Plata<\/title>\n<meta name=\"description\" content=\"Estamos aqu\u00ed para ti. Ponte en contacto con Mar de Plata e descubre como facemos que cada detalle conte na t\u00faa experiencia.\" \/>\n<meta name=\"robots\" content=\"index, follow, max-snippet:-1, max-image-preview:large, max-video-preview:-1\" \/>\n<link rel=\"canonical\" href=\"https:\/\/restaurantemardeplatasarria.com\/gl\/contacto\/\" \/>\n<meta property=\"og:locale\" content=\"gl_ES\" \/>\n<meta property=\"og:type\" content=\"article\" \/>\n<meta property=\"og:title\" content=\"Contacto - Restaurante Mar de Plata\" \/>\n<meta property=\"og:description\" content=\"Estamos aqu\u00ed para ti. Ponte en contacto con Mar de Plata e descubre como facemos que cada detalle conte na t\u00faa experiencia.\" \/>\n<meta property=\"og:url\" content=\"https:\/\/restaurantemardeplatasarria.com\/gl\/contacto\/\" \/>\n<meta property=\"og:site_name\" content=\"Restaurante Mar de Plata\" \/>\n<meta property=\"article:modified_time\" content=\"2024-06-19T12:41:37+00:00\" \/>\n<meta property=\"og:image\" content=\"https:\/\/restaurantemardeplatasarria.com\/wp-content\/uploads\/Diseno-sin-titulo555.jpg\" \/>\n\t<meta property=\"og:image:width\" content=\"1920\" \/>\n\t<meta property=\"og:image:height\" content=\"1080\" \/>\n\t<meta property=\"og:image:type\" content=\"image\/jpeg\" \/>\n<meta name=\"twitter:card\" content=\"summary_large_image\" \/>\n<script type=\"application\/ld+json\" class=\"yoast-schema-graph\">{\"@context\":\"https:\/\/schema.org\",\"@graph\":[{\"@type\":\"WebPage\",\"@id\":\"https:\/\/restaurantemardeplatasarria.com\/gl\/contacto\/\",\"url\":\"https:\/\/restaurantemardeplatasarria.com\/gl\/contacto\/\",\"name\":\"Contacto - Restaurante Mar de Plata\",\"isPartOf\":{\"@id\":\"https:\/\/restaurantemardeplatasarria.com\/gl\/#website\"},\"primaryImageOfPage\":{\"@id\":\"https:\/\/restaurantemardeplatasarria.com\/gl\/contacto\/#primaryimage\"},\"image\":{\"@id\":\"https:\/\/restaurantemardeplatasarria.com\/gl\/contacto\/#primaryimage\"},\"thumbnailUrl\":\"https:\/\/restaurantemardeplatasarria.com\/wp-content\/uploads\/Diseno-sin-titulo555.jpg\",\"datePublished\":\"2022-10-31T11:04:41+00:00\",\"dateModified\":\"2024-06-19T12:41:37+00:00\",\"description\":\"Estamos aqu\u00ed para ti. Ponte en contacto con Mar de Plata e descubre como facemos que cada detalle conte na t\u00faa experiencia.\",\"breadcrumb\":{\"@id\":\"https:\/\/restaurantemardeplatasarria.com\/gl\/contacto\/#breadcrumb\"},\"inLanguage\":\"gl-ES\",\"potentialAction\":[{\"@type\":\"ReadAction\",\"target\":[\"https:\/\/restaurantemardeplatasarria.com\/gl\/contacto\/\"]}]},{\"@type\":\"ImageObject\",\"inLanguage\":\"gl-ES\",\"@id\":\"https:\/\/restaurantemardeplatasarria.com\/gl\/contacto\/#primaryimage\",\"url\":\"https:\/\/restaurantemardeplatasarria.com\/wp-content\/uploads\/Diseno-sin-titulo555.jpg\",\"contentUrl\":\"https:\/\/restaurantemardeplatasarria.com\/wp-content\/uploads\/Diseno-sin-titulo555.jpg\",\"width\":1920,\"height\":1080},{\"@type\":\"BreadcrumbList\",\"@id\":\"https:\/\/restaurantemardeplatasarria.com\/gl\/contacto\/#breadcrumb\",\"itemListElement\":[{\"@type\":\"ListItem\",\"position\":1,\"name\":\"Portada\",\"item\":\"https:\/\/restaurantemardeplatasarria.com\/gl\/comeza\/\"},{\"@type\":\"ListItem\",\"position\":2,\"name\":\"Contacto\"}]},{\"@type\":\"WebSite\",\"@id\":\"https:\/\/restaurantemardeplatasarria.com\/gl\/#website\",\"url\":\"https:\/\/restaurantemardeplatasarria.com\/gl\/\",\"name\":\"Restaurante Mar de Plata\",\"description\":\"Restaurante Mar de Plata\",\"publisher\":{\"@id\":\"https:\/\/restaurantemardeplatasarria.com\/gl\/#organization\"},\"potentialAction\":[{\"@type\":\"SearchAction\",\"target\":{\"@type\":\"EntryPoint\",\"urlTemplate\":\"https:\/\/restaurantemardeplatasarria.com\/gl\/?s={search_term_string}\"},\"query-input\":{\"@type\":\"PropertyValueSpecification\",\"valueRequired\":true,\"valueName\":\"search_term_string\"}}],\"inLanguage\":\"gl-ES\"},{\"@type\":\"Organization\",\"@id\":\"https:\/\/restaurantemardeplatasarria.com\/gl\/#organization\",\"name\":\"Restaurante Mar de Plata\",\"url\":\"https:\/\/restaurantemardeplatasarria.com\/gl\/\",\"logo\":{\"@type\":\"ImageObject\",\"inLanguage\":\"gl-ES\",\"@id\":\"https:\/\/restaurantemardeplatasarria.com\/gl\/#\/schema\/logo\/image\/\",\"url\":\"https:\/\/restaurantemardeplatasarria.com\/wp-content\/uploads\/cropped-Diseno-sin-titulo107-2.png\",\"contentUrl\":\"https:\/\/restaurantemardeplatasarria.com\/wp-content\/uploads\/cropped-Diseno-sin-titulo107-2.png\",\"width\":468,\"height\":296,\"caption\":\"Restaurante Mar de Plata\"},\"image\":{\"@id\":\"https:\/\/restaurantemardeplatasarria.com\/gl\/#\/schema\/logo\/image\/\"}}]}<\/script>\n<!-- \/ Yoast SEO plugin. -->","yoast_head_json":{"title":"Contacto - Restaurante Mar de Plata","description":"Estamos aqu\u00ed para ti. Ponte en contacto con Mar de Plata e descubre como facemos que cada detalle conte na t\u00faa experiencia.","robots":{"index":"index","follow":"follow","max-snippet":"max-snippet:-1","max-image-preview":"max-image-preview:large","max-video-preview":"max-video-preview:-1"},"canonical":"https:\/\/restaurantemardeplatasarria.com\/gl\/contacto\/","og_locale":"gl_ES","og_type":"article","og_title":"Contacto - Restaurante Mar de Plata","og_description":"Estamos aqu\u00ed para ti. Ponte en contacto con Mar de Plata e descubre como facemos que cada detalle conte na t\u00faa experiencia.","og_url":"https:\/\/restaurantemardeplatasarria.com\/gl\/contacto\/","og_site_name":"Restaurante Mar de Plata","article_modified_time":"2024-06-19T12:41:37+00:00","og_image":[{"width":1920,"height":1080,"url":"https:\/\/restaurantemardeplatasarria.com\/wp-content\/uploads\/Diseno-sin-titulo555.jpg","type":"image\/jpeg"}],"twitter_card":"summary_large_image","schema":{"@context":"https:\/\/schema.org","@graph":[{"@type":"WebPage","@id":"https:\/\/restaurantemardeplatasarria.com\/gl\/contacto\/","url":"https:\/\/restaurantemardeplatasarria.com\/gl\/contacto\/","name":"Contacto - Restaurante Mar de Plata","isPartOf":{"@id":"https:\/\/restaurantemardeplatasarria.com\/gl\/#website"},"primaryImageOfPage":{"@id":"https:\/\/restaurantemardeplatasarria.com\/gl\/contacto\/#primaryimage"},"image":{"@id":"https:\/\/restaurantemardeplatasarria.com\/gl\/contacto\/#primaryimage"},"thumbnailUrl":"https:\/\/restaurantemardeplatasarria.com\/wp-content\/uploads\/Diseno-sin-titulo555.jpg","datePublished":"2022-10-31T11:04:41+00:00","dateModified":"2024-06-19T12:41:37+00:00","description":"Estamos aqu\u00ed para ti. Ponte en contacto con Mar de Plata e descubre como facemos que cada detalle conte na t\u00faa experiencia.","breadcrumb":{"@id":"https:\/\/restaurantemardeplatasarria.com\/gl\/contacto\/#breadcrumb"},"inLanguage":"gl-ES","potentialAction":[{"@type":"ReadAction","target":["https:\/\/restaurantemardeplatasarria.com\/gl\/contacto\/"]}]},{"@type":"ImageObject","inLanguage":"gl-ES","@id":"https:\/\/restaurantemardeplatasarria.com\/gl\/contacto\/#primaryimage","url":"https:\/\/restaurantemardeplatasarria.com\/wp-content\/uploads\/Diseno-sin-titulo555.jpg","contentUrl":"https:\/\/restaurantemardeplatasarria.com\/wp-content\/uploads\/Diseno-sin-titulo555.jpg","width":1920,"height":1080},{"@type":"BreadcrumbList","@id":"https:\/\/restaurantemardeplatasarria.com\/gl\/contacto\/#breadcrumb","itemListElement":[{"@type":"ListItem","position":1,"name":"Portada","item":"https:\/\/restaurantemardeplatasarria.com\/gl\/comeza\/"},{"@type":"ListItem","position":2,"name":"Contacto"}]},{"@type":"WebSite","@id":"https:\/\/restaurantemardeplatasarria.com\/gl\/#website","url":"https:\/\/restaurantemardeplatasarria.com\/gl\/","name":"Restaurante Mar de Plata","description":"Restaurante Mar de Plata","publisher":{"@id":"https:\/\/restaurantemardeplatasarria.com\/gl\/#organization"},"potentialAction":[{"@type":"SearchAction","target":{"@type":"EntryPoint","urlTemplate":"https:\/\/restaurantemardeplatasarria.com\/gl\/?s={search_term_string}"},"query-input":{"@type":"PropertyValueSpecification","valueRequired":true,"valueName":"search_term_string"}}],"inLanguage":"gl-ES"},{"@type":"Organization","@id":"https:\/\/restaurantemardeplatasarria.com\/gl\/#organization","name":"Restaurante Mar de Plata","url":"https:\/\/restaurantemardeplatasarria.com\/gl\/","logo":{"@type":"ImageObject","inLanguage":"gl-ES","@id":"https:\/\/restaurantemardeplatasarria.com\/gl\/#\/schema\/logo\/image\/","url":"https:\/\/restaurantemardeplatasarria.com\/wp-content\/uploads\/cropped-Diseno-sin-titulo107-2.png","contentUrl":"https:\/\/restaurantemardeplatasarria.com\/wp-content\/uploads\/cropped-Diseno-sin-titulo107-2.png","width":468,"height":296,"caption":"Restaurante Mar de Plata"},"image":{"@id":"https:\/\/restaurantemardeplatasarria.com\/gl\/#\/schema\/logo\/image\/"}}]}},"_links":{"self":[{"href":"https:\/\/restaurantemardeplatasarria.com\/gl\/wp-json\/wp\/v2\/pages\/2603","targetHints":{"allow":["GET"]}}],"collection":[{"href":"https:\/\/restaurantemardeplatasarria.com\/gl\/wp-json\/wp\/v2\/pages"}],"about":[{"href":"https:\/\/restaurantemardeplatasarria.com\/gl\/wp-json\/wp\/v2\/types\/page"}],"author":[{"embeddable":true,"href":"https:\/\/restaurantemardeplatasarria.com\/gl\/wp-json\/wp\/v2\/users\/1"}],"replies":[{"embeddable":true,"href":"https:\/\/restaurantemardeplatasarria.com\/gl\/wp-json\/wp\/v2\/comments?post=2603"}],"version-history":[{"count":9,"href":"https:\/\/restaurantemardeplatasarria.com\/gl\/wp-json\/wp\/v2\/pages\/2603\/revisions"}],"predecessor-version":[{"id":3241,"href":"https:\/\/restaurantemardeplatasarria.com\/gl\/wp-json\/wp\/v2\/pages\/2603\/revisions\/3241"}],"wp:featuredmedia":[{"embeddable":true,"href":"https:\/\/restaurantemardeplatasarria.com\/gl\/wp-json\/wp\/v2\/media\/2539"}],"wp:attachment":[{"href":"https:\/\/restaurantemardeplatasarria.com\/gl\/wp-json\/wp\/v2\/media?parent=2603"}],"curies":[{"name":"wp","href":"https:\/\/api.w.org\/{rel}","templated":true}]}}