{"id":3075,"date":"2022-10-26T06:50:28","date_gmt":"2022-10-26T06:50:28","guid":{"rendered":"https:\/\/restaurantemardeplatasarria.com\/politique-de-confidentialite\/"},"modified":"2024-06-17T13:19:48","modified_gmt":"2024-06-17T13:19:48","slug":"politique-de-confidentialite","status":"publish","type":"page","link":"https:\/\/restaurantemardeplatasarria.com\/fr\/politique-de-confidentialite\/","title":{"rendered":"Politique de confidentialit\u00e9"},"content":{"rendered":"\n<h5 class=\"wp-block-heading\"><strong>Donn\u00e9es personnelles :<\/strong><\/h5>\n\n<p>La pr\u00e9sente politique de confidentialit\u00e9 d\u00e9crit la mani\u00e8re dont l&rsquo;H\u00f4tel Mar de Plata (\u00ab\u00a0nous\u00a0\u00bb, \u00ab\u00a0notre\u00a0\u00bb, \u00ab\u00a0nos\u00a0\u00bb ou \u00ab\u00a0nos\u00a0\u00bb) recueille, utilise et prot\u00e8ge les informations personnelles que vous nous fournissez lorsque vous utilisez nos services et visitez notre site web.<\/p>\n\n<h5 class=\"wp-block-heading\"><strong>1. collecte de donn\u00e9es<\/strong><\/h5>\n\n<p>  Nous recueillons des informations personnelles lorsque vous interagissez avec nous, que ce soit par le biais de notre site web, de courriers \u00e9lectroniques, de formulaires de contact ou d&rsquo;autres moyens de communication directs. Ces informations peuvent inclure, sans s&rsquo;y limiter, les noms, les adresses \u00e9lectroniques, les num\u00e9ros de t\u00e9l\u00e9phone et les pr\u00e9f\u00e9rences en mati\u00e8re de r\u00e9servation.<\/p>\n\n<h5 class=\"wp-block-heading\"><strong>2. Utilisation des informations<\/strong><\/h5>\n\n<p>Nous utilisons les informations personnelles que nous recueillons pour traiter les r\u00e9servations, personnaliser votre exp\u00e9rience, am\u00e9liorer nos services et r\u00e9pondre \u00e0 vos demandes. Nous ne partageons ni ne vendons vos informations personnelles \u00e0 des tiers sans votre consentement explicite.<\/p>\n\n<h5 class=\"wp-block-heading\"><strong>3. Stockage et s\u00e9curit\u00e9<\/strong><\/h5>\n\n<p>  Nous mettons en \u0153uvre des mesures de s\u00e9curit\u00e9 pour prot\u00e9ger vos informations personnelles. Toutefois, veuillez noter que la transmission de donn\u00e9es sur l&rsquo;internet n&rsquo;est jamais totalement s\u00fbre et que, bien que nous nous efforcions d&rsquo;assurer la s\u00e9curit\u00e9 de vos informations, nous ne pouvons pas garantir une s\u00e9curit\u00e9 absolue.<\/p>\n\n<h5 class=\"wp-block-heading\"><strong>4. Cookies et technologies similaires<\/strong><\/h5>\n\n<p>  Notre site web peut utiliser des cookies et des technologies similaires pour am\u00e9liorer l&rsquo;exp\u00e9rience de l&rsquo;utilisateur et collecter des informations sur l&rsquo;utilisation du site. Vous pouvez g\u00e9rer vos pr\u00e9f\u00e9rences en mati\u00e8re de cookies par le biais des param\u00e8tres de votre navigateur. Lisez notre <a href=\"https:\/\/restaurantemardeplatasarria.com\/fr\/politique-en-matiere-de-cookies-ue\/\">politique en mati\u00e8re de cookies<\/a> pour plus d&rsquo;informations.<\/p>\n\n<h5 class=\"wp-block-heading\"><strong>5. Droits de l&rsquo;utilisateur<\/strong><\/h5>\n\n<p>Vous disposez d&rsquo;un droit d&rsquo;acc\u00e8s, de rectification, d&rsquo;effacement et d&rsquo;opposition au traitement de vos donn\u00e9es personnelles. Si vous souhaitez exercer l&rsquo;un de ces droits, veuillez nous contacter en utilisant les informations fournies dans la section contact.<\/p>\n\n<h5 class=\"wp-block-heading\"><strong>6. Modifications de la politique de confidentialit\u00e9<\/strong><\/h5>\n\n<p>Nous nous r\u00e9servons le droit de mettre \u00e0 jour cette politique \u00e0 tout moment. Nous vous recommandons de consulter r\u00e9guli\u00e8rement cette page pour \u00eatre inform\u00e9 de tout changement.<\/p>\n\n<p>En utilisant nos services, vous acceptez les termes de notre politique de confidentialit\u00e9. Si vous avez des questions ou des pr\u00e9occupations, n&rsquo;h\u00e9sitez pas \u00e0 nous contacter.<\/p>\n\n<p>Date de la derni\u00e8re mise \u00e0 jour :  [8\/03\/2024]<\/p>\n","protected":false},"excerpt":{"rendered":"<p>Donn\u00e9es personnelles : La pr\u00e9sente politique de confidentialit\u00e9 d\u00e9crit la mani\u00e8re dont l&rsquo;H\u00f4tel Mar de Plata (\u00ab\u00a0nous\u00a0\u00bb, \u00ab\u00a0notre\u00a0\u00bb, \u00ab\u00a0nos\u00a0\u00bb ou \u00ab\u00a0nos\u00a0\u00bb) recueille, utilise et prot\u00e8ge les informations personnelles que vous nous fournissez lorsque vous utilisez nos services et visitez notre&#8230;<\/p>\n","protected":false},"author":1,"featured_media":0,"parent":0,"menu_order":0,"comment_status":"closed","ping_status":"open","template":"","meta":{"footnotes":""},"class_list":["post-3075","page","type-page","status-publish","hentry"],"acf":[],"yoast_head":"<!-- This site is optimized with the Yoast SEO plugin v26.9 - https:\/\/yoast.com\/product\/yoast-seo-wordpress\/ -->\n<title>Politique de confidentialit\u00e9 - Restaurant Mar de Plata<\/title>\n<meta name=\"robots\" content=\"index, follow, max-snippet:-1, max-image-preview:large, max-video-preview:-1\" \/>\n<link rel=\"canonical\" href=\"https:\/\/restaurantemardeplatasarria.com\/fr\/politique-de-confidentialite\/\" \/>\n<meta property=\"og:locale\" content=\"fr_FR\" \/>\n<meta property=\"og:type\" content=\"article\" \/>\n<meta property=\"og:title\" content=\"Politique de confidentialit\u00e9 - Restaurant Mar de Plata\" \/>\n<meta property=\"og:description\" content=\"Donn\u00e9es personnelles : La pr\u00e9sente politique de confidentialit\u00e9 d\u00e9crit la mani\u00e8re dont l&rsquo;H\u00f4tel Mar de Plata (\u00ab\u00a0nous\u00a0\u00bb, \u00ab\u00a0notre\u00a0\u00bb, \u00ab\u00a0nos\u00a0\u00bb ou \u00ab\u00a0nos\u00a0\u00bb) recueille, utilise et prot\u00e8ge les informations personnelles que vous nous fournissez lorsque vous utilisez nos services et visitez notre...\" \/>\n<meta property=\"og:url\" content=\"https:\/\/restaurantemardeplatasarria.com\/fr\/politique-de-confidentialite\/\" \/>\n<meta property=\"og:site_name\" content=\"Restaurant Mar de Plata\" \/>\n<meta property=\"article:modified_time\" content=\"2024-06-17T13:19:48+00:00\" \/>\n<meta name=\"twitter:card\" content=\"summary_large_image\" \/>\n<meta name=\"twitter:label1\" content=\"Dur\u00e9e de lecture estim\u00e9e\" \/>\n\t<meta name=\"twitter:data1\" content=\"2 minutes\" \/>\n<script type=\"application\/ld+json\" class=\"yoast-schema-graph\">{\"@context\":\"https:\/\/schema.org\",\"@graph\":[{\"@type\":\"WebPage\",\"@id\":\"https:\/\/restaurantemardeplatasarria.com\/fr\/politique-de-confidentialite\/\",\"url\":\"https:\/\/restaurantemardeplatasarria.com\/fr\/politique-de-confidentialite\/\",\"name\":\"Politique de confidentialit\u00e9 - Restaurant Mar de Plata\",\"isPartOf\":{\"@id\":\"https:\/\/restaurantemardeplatasarria.com\/fr\/#website\"},\"datePublished\":\"2022-10-26T06:50:28+00:00\",\"dateModified\":\"2024-06-17T13:19:48+00:00\",\"breadcrumb\":{\"@id\":\"https:\/\/restaurantemardeplatasarria.com\/fr\/politique-de-confidentialite\/#breadcrumb\"},\"inLanguage\":\"fr-FR\",\"potentialAction\":[{\"@type\":\"ReadAction\",\"target\":[\"https:\/\/restaurantemardeplatasarria.com\/fr\/politique-de-confidentialite\/\"]}]},{\"@type\":\"BreadcrumbList\",\"@id\":\"https:\/\/restaurantemardeplatasarria.com\/fr\/politique-de-confidentialite\/#breadcrumb\",\"itemListElement\":[{\"@type\":\"ListItem\",\"position\":1,\"name\":\"Portada\",\"item\":\"https:\/\/restaurantemardeplatasarria.com\/fr\/accueil\/\"},{\"@type\":\"ListItem\",\"position\":2,\"name\":\"Politique de confidentialit\u00e9\"}]},{\"@type\":\"WebSite\",\"@id\":\"https:\/\/restaurantemardeplatasarria.com\/fr\/#website\",\"url\":\"https:\/\/restaurantemardeplatasarria.com\/fr\/\",\"name\":\"Restaurant Mar de Plata\",\"description\":\"Restaurant Mar de Plata\",\"potentialAction\":[{\"@type\":\"SearchAction\",\"target\":{\"@type\":\"EntryPoint\",\"urlTemplate\":\"https:\/\/restaurantemardeplatasarria.com\/fr\/?s={search_term_string}\"},\"query-input\":{\"@type\":\"PropertyValueSpecification\",\"valueRequired\":true,\"valueName\":\"search_term_string\"}}],\"inLanguage\":\"fr-FR\"}]}<\/script>\n<!-- \/ Yoast SEO plugin. -->","yoast_head_json":{"title":"Politique de confidentialit\u00e9 - Restaurant Mar de Plata","robots":{"index":"index","follow":"follow","max-snippet":"max-snippet:-1","max-image-preview":"max-image-preview:large","max-video-preview":"max-video-preview:-1"},"canonical":"https:\/\/restaurantemardeplatasarria.com\/fr\/politique-de-confidentialite\/","og_locale":"fr_FR","og_type":"article","og_title":"Politique de confidentialit\u00e9 - Restaurant Mar de Plata","og_description":"Donn\u00e9es personnelles : La pr\u00e9sente politique de confidentialit\u00e9 d\u00e9crit la mani\u00e8re dont l&rsquo;H\u00f4tel Mar de Plata (\u00ab\u00a0nous\u00a0\u00bb, \u00ab\u00a0notre\u00a0\u00bb, \u00ab\u00a0nos\u00a0\u00bb ou \u00ab\u00a0nos\u00a0\u00bb) recueille, utilise et prot\u00e8ge les informations personnelles que vous nous fournissez lorsque vous utilisez nos services et visitez notre...","og_url":"https:\/\/restaurantemardeplatasarria.com\/fr\/politique-de-confidentialite\/","og_site_name":"Restaurant Mar de Plata","article_modified_time":"2024-06-17T13:19:48+00:00","twitter_card":"summary_large_image","twitter_misc":{"Dur\u00e9e de lecture estim\u00e9e":"2 minutes"},"schema":{"@context":"https:\/\/schema.org","@graph":[{"@type":"WebPage","@id":"https:\/\/restaurantemardeplatasarria.com\/fr\/politique-de-confidentialite\/","url":"https:\/\/restaurantemardeplatasarria.com\/fr\/politique-de-confidentialite\/","name":"Politique de confidentialit\u00e9 - Restaurant Mar de Plata","isPartOf":{"@id":"https:\/\/restaurantemardeplatasarria.com\/fr\/#website"},"datePublished":"2022-10-26T06:50:28+00:00","dateModified":"2024-06-17T13:19:48+00:00","breadcrumb":{"@id":"https:\/\/restaurantemardeplatasarria.com\/fr\/politique-de-confidentialite\/#breadcrumb"},"inLanguage":"fr-FR","potentialAction":[{"@type":"ReadAction","target":["https:\/\/restaurantemardeplatasarria.com\/fr\/politique-de-confidentialite\/"]}]},{"@type":"BreadcrumbList","@id":"https:\/\/restaurantemardeplatasarria.com\/fr\/politique-de-confidentialite\/#breadcrumb","itemListElement":[{"@type":"ListItem","position":1,"name":"Portada","item":"https:\/\/restaurantemardeplatasarria.com\/fr\/accueil\/"},{"@type":"ListItem","position":2,"name":"Politique de confidentialit\u00e9"}]},{"@type":"WebSite","@id":"https:\/\/restaurantemardeplatasarria.com\/fr\/#website","url":"https:\/\/restaurantemardeplatasarria.com\/fr\/","name":"Restaurant Mar de Plata","description":"Restaurant Mar de Plata","potentialAction":[{"@type":"SearchAction","target":{"@type":"EntryPoint","urlTemplate":"https:\/\/restaurantemardeplatasarria.com\/fr\/?s={search_term_string}"},"query-input":{"@type":"PropertyValueSpecification","valueRequired":true,"valueName":"search_term_string"}}],"inLanguage":"fr-FR"}]}},"_links":{"self":[{"href":"https:\/\/restaurantemardeplatasarria.com\/fr\/wp-json\/wp\/v2\/pages\/3075","targetHints":{"allow":["GET"]}}],"collection":[{"href":"https:\/\/restaurantemardeplatasarria.com\/fr\/wp-json\/wp\/v2\/pages"}],"about":[{"href":"https:\/\/restaurantemardeplatasarria.com\/fr\/wp-json\/wp\/v2\/types\/page"}],"author":[{"embeddable":true,"href":"https:\/\/restaurantemardeplatasarria.com\/fr\/wp-json\/wp\/v2\/users\/1"}],"replies":[{"embeddable":true,"href":"https:\/\/restaurantemardeplatasarria.com\/fr\/wp-json\/wp\/v2\/comments?post=3075"}],"version-history":[{"count":1,"href":"https:\/\/restaurantemardeplatasarria.com\/fr\/wp-json\/wp\/v2\/pages\/3075\/revisions"}],"predecessor-version":[{"id":3076,"href":"https:\/\/restaurantemardeplatasarria.com\/fr\/wp-json\/wp\/v2\/pages\/3075\/revisions\/3076"}],"wp:attachment":[{"href":"https:\/\/restaurantemardeplatasarria.com\/fr\/wp-json\/wp\/v2\/media?parent=3075"}],"curies":[{"name":"wp","href":"https:\/\/api.w.org\/{rel}","templated":true}]}}